{"id":1383,"date":"2021-12-10T22:51:00","date_gmt":"2021-12-10T22:51:00","guid":{"rendered":"https:\/\/coopacpl.fr\/site\/?page_id=1383"},"modified":"2021-12-11T21:31:37","modified_gmt":"2021-12-11T21:31:37","slug":"participer-a-notre-cooperative","status":"publish","type":"page","link":"https:\/\/coopacpl.fr\/site\/participer-a-notre-cooperative\/","title":{"rendered":"Participer \u00e0 notre Coop\u00e9rative"},"content":{"rendered":"\t\t<div data-elementor-type=\"wp-page\" data-elementor-id=\"1383\" class=\"elementor elementor-1383\">\n\t\t\t\t\t\t\t\t\t<section class=\"elementor-section elementor-top-section elementor-element elementor-element-83746e8 elementor-section-height-min-height elementor-section-items-bottom elementor-section-boxed elementor-section-height-default\" data-id=\"83746e8\" data-element_type=\"section\" data-settings=\"{&quot;background_background&quot;:&quot;classic&quot;}\">\n\t\t\t\t\t\t\t<div class=\"elementor-background-overlay\"><\/div>\n\t\t\t\t\t\t\t<div class=\"elementor-container elementor-column-gap-default\">\n\t\t\t\t\t<div class=\"elementor-column elementor-col-100 elementor-top-column elementor-element elementor-element-09faee3\" data-id=\"09faee3\" data-element_type=\"column\">\n\t\t\t<div class=\"elementor-widget-wrap elementor-element-populated\">\n\t\t\t\t\t\t\t\t<div class=\"elementor-element elementor-element-c7152a9 elementor-widget elementor-widget-heading\" data-id=\"c7152a9\" data-element_type=\"widget\" data-widget_type=\"heading.default\">\n\t\t\t\t<div class=\"elementor-widget-container\">\n\t\t\t<style>\/*! elementor - v3.6.2 - 04-04-2022 *\/\n.elementor-heading-title{padding:0;margin:0;line-height:1}.elementor-widget-heading .elementor-heading-title[class*=elementor-size-]>a{color:inherit;font-size:inherit;line-height:inherit}.elementor-widget-heading .elementor-heading-title.elementor-size-small{font-size:15px}.elementor-widget-heading .elementor-heading-title.elementor-size-medium{font-size:19px}.elementor-widget-heading .elementor-heading-title.elementor-size-large{font-size:29px}.elementor-widget-heading .elementor-heading-title.elementor-size-xl{font-size:39px}.elementor-widget-heading .elementor-heading-title.elementor-size-xxl{font-size:59px}<\/style><h1 class=\"elementor-heading-title elementor-size-default\">Participer \u00e0 notre Coop\u00e9rative<\/h1>\t\t<\/div>\n\t\t\t\t<\/div>\n\t\t\t\t\t<\/div>\n\t\t<\/div>\n\t\t\t\t\t\t\t<\/div>\n\t\t<\/section>\n\t\t\t\t<section class=\"elementor-section elementor-top-section elementor-element elementor-element-a92bf94 elementor-section-boxed elementor-section-height-default elementor-section-height-default\" data-id=\"a92bf94\" data-element_type=\"section\">\n\t\t\t\t\t\t<div class=\"elementor-container elementor-column-gap-default\">\n\t\t\t\t\t<div class=\"elementor-column elementor-col-50 elementor-top-column elementor-element elementor-element-7d00c84\" data-id=\"7d00c84\" data-element_type=\"column\">\n\t\t\t<div class=\"elementor-widget-wrap elementor-element-populated\">\n\t\t\t\t\t\t\t\t<div class=\"elementor-element elementor-element-8ce1b85 elementor-widget elementor-widget-heading\" data-id=\"8ce1b85\" data-element_type=\"widget\" data-widget_type=\"heading.default\">\n\t\t\t\t<div class=\"elementor-widget-container\">\n\t\t\t<h4 class=\"elementor-heading-title elementor-size-default\">Participer \u00e0 notre Coop\u00e9rative<\/h4>\t\t<\/div>\n\t\t\t\t<\/div>\n\t\t\t\t<div class=\"elementor-element elementor-element-c31e03f elementor-widget elementor-widget-text-editor\" data-id=\"c31e03f\" data-element_type=\"widget\" data-widget_type=\"text-editor.default\">\n\t\t\t\t<div class=\"elementor-widget-container\">\n\t\t\t<style>\/*! elementor - v3.6.2 - 04-04-2022 *\/\n.elementor-widget-text-editor.elementor-drop-cap-view-stacked .elementor-drop-cap{background-color:#818a91;color:#fff}.elementor-widget-text-editor.elementor-drop-cap-view-framed .elementor-drop-cap{color:#818a91;border:3px solid;background-color:transparent}.elementor-widget-text-editor:not(.elementor-drop-cap-view-default) .elementor-drop-cap{margin-top:8px}.elementor-widget-text-editor:not(.elementor-drop-cap-view-default) .elementor-drop-cap-letter{width:1em;height:1em}.elementor-widget-text-editor .elementor-drop-cap{float:left;text-align:center;line-height:1;font-size:50px}.elementor-widget-text-editor .elementor-drop-cap-letter{display:inline-block}<\/style>\t\t\t\t<p>Lorsque la loi de finances a mis fin \u00e0 l\u2019existence des centres de gestion, nous avons d\u00e9cid\u00e9 de cr\u00e9er une soci\u00e9t\u00e9 coop\u00e9rative (SCIC) pour r\u00e9aliser les prestations qui \u00e9taient interdites \u00e0 nos associations, notamment l\u2019examen de conformit\u00e9 fiscale (ECF) mis en place \u00e0 partir du 1<sup>er<\/sup>\u00a0janvier 2021.<\/p><p>Les experts comptables peuvent devenir membre du coll\u00e8ge \u00ab\u00a0Experts Comptables\u00a0\u00bb. Cette coop\u00e9rative s\u2019appelle COOP ACPL et c\u2019est d\u00e9sormais votre coop\u00e9rative.<\/p><p><strong>Pourquoi adh\u00e9rer\u00a0?<\/strong><\/p><ul><li>Vous pouvez sous-traiter les travaux n\u00e9cessaires \u00e0 l\u2019ECF et faire r\u00e9aliser ces travaux par une \u00e9quipe comp\u00e9tente et disposant des outils techniques n\u00e9cessaires. En termes de risques et d\u2019assurance, cette solution est valable si vous n\u2019avez qu\u2019un petit nombre d\u2019ECF \u00e0 r\u00e9aliser et que vous n\u2019avez pas le temps d\u2019investir sur la mise en place d\u2019une activit\u00e9 nouvelle.<\/li><li>R\u00e9aliser des missions d\u2019expert-comptable pour la coop\u00e9rative notamment en cas de mission complexe ou importante n\u00e9cessitant la constitution d\u2019une \u00e9quipe importante, dans le cadre d\u2019appels d\u2019offre sur les march\u00e9s publics.<\/li><li>Vous pouvez faire appel au personnel de la coop\u00e9rative en sous-traitance pour r\u00e9aliser les missions du cabinet. Ce type de mission est \u00e0 d\u00e9finir au cas par cas en fonction de vos besoins et de nos comp\u00e9tences mais un apport ponctuel de main d\u2019\u0153uvre peut \u00eatre appr\u00e9ciable lorsqu\u2019il manque quelqu\u2019un dans votre \u00e9quipe.<\/li><li>La coop\u00e9rative sera \u00e9quip\u00e9e des logiciels actuels du march\u00e9\u00a0: SAGE, CEGID, IBIZA, etc. En mati\u00e8re de paie, la coop\u00e9rative sera \u00e9quip\u00e9e avec le logiciel SYLAE. SI vous avez besoin d\u2019utiliser l\u2019un de ces logiciels un partage de connexion vous permettra de le faire sans avoir \u00e0 \u00e9quiper votre cabinet.<\/li><li>Faire former votre personnel pour les formations professionnelles habituelles \u00e0 prix co\u00fbtant.<\/li><li>Vous informer sur des sessions de formation expert en fiscalit\u00e9, droit social, et en droit comptable.<\/li><li>Mettre en nourrice un ou plusieurs dossiers du cabinet et les r\u00e9cup\u00e9rer en fonction de vos contraintes propres.<\/li><li>Faire r\u00e9aliser des missions sp\u00e9cifiques\u00a0: Audit informatique, tenue de la paie, aide au recrutement, etc.<\/li><\/ul><p><strong><em>L\u2019ensemble de ces missions sont r\u00e9alis\u00e9es \u00e0 un prix de 60 \u20ac HT de l\u2019heure \u00e0 moduler en fonction de l\u2019intervenant mais proche du prix de revient cabinet.<\/em><\/strong><\/p><p><strong>Comment adh\u00e9rer\u00a0?<\/strong><\/p><ul><li>En payant une adh\u00e9sion annuelle qui vous permet d\u2019utiliser la coop\u00e9rative comme une coop\u00e9rative de consommation<\/li><li>En achetant une ou plusieurs actions de la soci\u00e9t\u00e9 et devenir ainsi un des experts comptables membre du coll\u00e8ge et avoir le droit de vote aux assembl\u00e9es g\u00e9n\u00e9rales.<\/li><\/ul>\t\t\t\t\t\t<\/div>\n\t\t\t\t<\/div>\n\t\t\t\t\t<\/div>\n\t\t<\/div>\n\t\t\t\t<div class=\"elementor-column elementor-col-50 elementor-top-column elementor-element elementor-element-f485586\" data-id=\"f485586\" data-element_type=\"column\">\n\t\t\t<div class=\"elementor-widget-wrap elementor-element-populated\">\n\t\t\t\t\t\t\t\t<div class=\"elementor-element elementor-element-ff03a9f elementor-widget elementor-widget-image\" data-id=\"ff03a9f\" data-element_type=\"widget\" data-widget_type=\"image.default\">\n\t\t\t\t<div class=\"elementor-widget-container\">\n\t\t\t<style>\/*! elementor - v3.6.2 - 04-04-2022 *\/\n.elementor-widget-image{text-align:center}.elementor-widget-image a{display:inline-block}.elementor-widget-image a img[src$=\".svg\"]{width:48px}.elementor-widget-image img{vertical-align:middle;display:inline-block}<\/style>\t\t\t\t\t\t\t\t\t\t\t\t<img width=\"1024\" height=\"576\" src=\"https:\/\/coopacpl.fr\/site\/wp-content\/uploads\/2021\/12\/coop-acpl-rejoindre-coop-acpl-image-accueil-1-1024x576.jpg\" class=\"attachment-large size-large\" alt=\"\" loading=\"lazy\" srcset=\"https:\/\/coopacpl.fr\/site\/wp-content\/uploads\/2021\/12\/coop-acpl-rejoindre-coop-acpl-image-accueil-1-1024x576.jpg 1024w, https:\/\/coopacpl.fr\/site\/wp-content\/uploads\/2021\/12\/coop-acpl-rejoindre-coop-acpl-image-accueil-1-300x169.jpg 300w, https:\/\/coopacpl.fr\/site\/wp-content\/uploads\/2021\/12\/coop-acpl-rejoindre-coop-acpl-image-accueil-1-768x432.jpg 768w, https:\/\/coopacpl.fr\/site\/wp-content\/uploads\/2021\/12\/coop-acpl-rejoindre-coop-acpl-image-accueil-1.jpg 1200w\" sizes=\"(max-width: 1024px) 100vw, 1024px\" \/>\t\t\t\t\t\t\t\t\t\t\t\t\t\t\t<\/div>\n\t\t\t\t<\/div>\n\t\t\t\t<div class=\"elementor-element elementor-element-4bae667 elementor-widget elementor-widget-heading\" data-id=\"4bae667\" data-element_type=\"widget\" data-widget_type=\"heading.default\">\n\t\t\t\t<div class=\"elementor-widget-container\">\n\t\t\t<h2 class=\"elementor-heading-title elementor-size-default\">Nous contacter<\/h2>\t\t<\/div>\n\t\t\t\t<\/div>\n\t\t\t\t<div class=\"elementor-element elementor-element-2680c8d elementor-widget elementor-widget-wpforms\" data-id=\"2680c8d\" data-element_type=\"widget\" data-widget_type=\"wpforms.default\">\n\t\t\t\t<div class=\"elementor-widget-container\">\n\t\t\t<div class=\"wpforms-container \" id=\"wpforms-99\"><form id=\"wpforms-form-99\" class=\"wpforms-validate wpforms-form wpforms-ajax-form\" data-formid=\"99\" method=\"post\" enctype=\"multipart\/form-data\" action=\"\/site\/wp-json\/wp\/v2\/pages\/1383\" data-token=\"c9661b5be7b56c4a2b9d639911443852\"><noscript class=\"wpforms-error-noscript\">Veuillez activer JavaScript dans votre navigateur pour remplir ce formulaire.<\/noscript><div class=\"wpforms-field-container\"><div id=\"wpforms-99-field_0-container\" class=\"wpforms-field wpforms-field-name\" data-field-id=\"0\"><label class=\"wpforms-field-label wpforms-label-hide\" for=\"wpforms-99-field_0\">Votre nom <span class=\"wpforms-required-label\">*<\/span><\/label><input type=\"text\" id=\"wpforms-99-field_0\" class=\"wpforms-field-large wpforms-field-required\" name=\"wpforms[fields][0]\" placeholder=\"Votre Nom\" required><\/div><div id=\"wpforms-99-field_5-container\" class=\"wpforms-field wpforms-field-name\" data-field-id=\"5\"><label class=\"wpforms-field-label wpforms-label-hide\" for=\"wpforms-99-field_5\">Votre Soci\u00e9t\u00e9 (le cas \u00e9ch\u00e9ant)<\/label><input type=\"text\" id=\"wpforms-99-field_5\" class=\"wpforms-field-large\" name=\"wpforms[fields][5]\" placeholder=\"Votre Soci\u00e9t\u00e9\" ><\/div><div id=\"wpforms-99-field_6-container\" class=\"wpforms-field wpforms-field-name\" data-field-id=\"6\"><label class=\"wpforms-field-label wpforms-label-hide\" for=\"wpforms-99-field_6\">Votre T\u00e9l\u00e9phone <span class=\"wpforms-required-label\">*<\/span><\/label><input type=\"text\" id=\"wpforms-99-field_6\" class=\"wpforms-field-large wpforms-field-required\" name=\"wpforms[fields][6]\" placeholder=\"Votre T\u00e9l\u00e9phone\" required><\/div><div id=\"wpforms-99-field_1-container\" class=\"wpforms-field wpforms-field-email\" data-field-id=\"1\"><label class=\"wpforms-field-label wpforms-label-hide\" for=\"wpforms-99-field_1\">Adresse Email (courri\u00e9l) <span class=\"wpforms-required-label\">*<\/span><\/label><input type=\"email\" id=\"wpforms-99-field_1\" class=\"wpforms-field-large wpforms-field-required\" name=\"wpforms[fields][1]\" placeholder=\"Votre adresse email\" required><\/div><div id=\"wpforms-99-field_2-container\" class=\"wpforms-field wpforms-field-textarea\" data-field-id=\"2\"><label class=\"wpforms-field-label wpforms-label-hide\" for=\"wpforms-99-field_2\">Votre message <span class=\"wpforms-required-label\">*<\/span><\/label><textarea id=\"wpforms-99-field_2\" class=\"wpforms-field-medium wpforms-field-required\" name=\"wpforms[fields][2]\" placeholder=\"Message\" required><\/textarea><\/div><\/div><div class=\"wpforms-submit-container\"><input type=\"hidden\" name=\"wpforms[id]\" value=\"99\"><input type=\"hidden\" name=\"wpforms[author]\" value=\"1\"><button type=\"submit\" name=\"wpforms[submit]\" id=\"wpforms-submit-99\" class=\"wpforms-submit\" data-alt-text=\"Envoi en cours...\" data-submit-text=\"Envoyer le message\" aria-live=\"assertive\" value=\"wpforms-submit\">Envoyer le message<\/button><img loading=\"lazy\" src=\"https:\/\/coopacpl.fr\/site\/wp-content\/plugins\/wpforms-lite\/assets\/images\/submit-spin.svg\" class=\"wpforms-submit-spinner\" style=\"display: none;\" width=\"26\" height=\"26\" alt=\"\"><\/div><\/form><\/div>  <!-- .wpforms-container -->\t\t<\/div>\n\t\t\t\t<\/div>\n\t\t\t\t\t<\/div>\n\t\t<\/div>\n\t\t\t\t\t\t\t<\/div>\n\t\t<\/section>\n\t\t\t\t<section class=\"elementor-section elementor-top-section elementor-element elementor-element-b6186b4 elementor-section-boxed elementor-section-height-default elementor-section-height-default\" data-id=\"b6186b4\" data-element_type=\"section\" data-settings=\"{&quot;background_background&quot;:&quot;classic&quot;}\">\n\t\t\t\t\t\t<div class=\"elementor-container elementor-column-gap-default\">\n\t\t\t\t\t<div class=\"elementor-column elementor-col-100 elementor-top-column elementor-element elementor-element-82668e3\" data-id=\"82668e3\" data-element_type=\"column\">\n\t\t\t<div class=\"elementor-widget-wrap elementor-element-populated\">\n\t\t\t\t\t\t\t\t<div class=\"elementor-element elementor-element-2449e1e elementor-widget elementor-widget-heading\" data-id=\"2449e1e\" data-element_type=\"widget\" data-widget_type=\"heading.default\">\n\t\t\t\t<div class=\"elementor-widget-container\">\n\t\t\t<h4 class=\"elementor-heading-title elementor-size-default\">Pourquoi choisir Coop ACPL pour rejoindre une Coop\u00e9rative ?<\/h4>\t\t<\/div>\n\t\t\t\t<\/div>\n\t\t\t\t<div class=\"elementor-element elementor-element-0d78433 elementor-widget elementor-widget-text-editor\" data-id=\"0d78433\" data-element_type=\"widget\" data-widget_type=\"text-editor.default\">\n\t\t\t\t<div class=\"elementor-widget-container\">\n\t\t\t\t\t\t\t<p>Nous accompagnons des centaines de Soci\u00e9t\u00e9s en France depuis des ann\u00e9es dans leur gestion aussi bien en Comptabilit\u00e9, Paie&#8230;<\/p>\t\t\t\t\t\t<\/div>\n\t\t\t\t<\/div>\n\t\t\t\t<div class=\"elementor-element elementor-element-c4c9e42 elementor-widget elementor-widget-text-editor\" data-id=\"c4c9e42\" data-element_type=\"widget\" data-widget_type=\"text-editor.default\">\n\t\t\t\t<div class=\"elementor-widget-container\">\n\t\t\t\t\t\t\t<p>Nos Clients appr\u00e9cient notre disponibilit\u00e9, rapidit\u00e9 ainsi que nos tarifs avantageux, tout en profitant d&rsquo;avantages tels que l&rsquo;acc\u00e8s aux logiciels des plus grands \u00e9diteurs sp\u00e9cialis\u00e9s, compris sans surco\u00fbt.<\/p>\t\t\t\t\t\t<\/div>\n\t\t\t\t<\/div>\n\t\t\t\t\t<\/div>\n\t\t<\/div>\n\t\t\t\t\t\t\t<\/div>\n\t\t<\/section>\n\t\t\t\t\t\t\t<\/div>\n\t\t","protected":false},"excerpt":{"rendered":"<p>Participer \u00e0 notre Coop\u00e9rative Participer \u00e0 notre Coop\u00e9rative Lorsque la loi de finances a mis fin \u00e0 l\u2019existence des centres de gestion, nous avons d\u00e9cid\u00e9 de cr\u00e9er une soci\u00e9t\u00e9 coop\u00e9rative (SCIC) pour r\u00e9aliser les prestations qui \u00e9taient interdites \u00e0 nos associations, notamment l\u2019examen de conformit\u00e9 fiscale (ECF) mis en place \u00e0 partir du 1er\u00a0janvier 2021. &hellip;<\/p>\n<p class=\"read-more\"> <a class=\"\" href=\"https:\/\/coopacpl.fr\/site\/participer-a-notre-cooperative\/\"> <span class=\"screen-reader-text\">Participer \u00e0 notre Coop\u00e9rative<\/span> Lire la suite\u00a0\u00bb<\/a><\/p>\n","protected":false},"author":1,"featured_media":0,"parent":0,"menu_order":0,"comment_status":"closed","ping_status":"closed","template":"","meta":{"site-sidebar-layout":"no-sidebar","site-content-layout":"page-builder","ast-main-header-display":"","ast-hfb-above-header-display":"","ast-hfb-below-header-display":"","ast-hfb-mobile-header-display":"","site-post-title":"disabled","ast-breadcrumbs-content":"","ast-featured-img":"disabled","footer-sml-layout":"","theme-transparent-header-meta":"enabled","adv-header-id-meta":"","stick-header-meta":"","header-above-stick-meta":"","header-main-stick-meta":"","header-below-stick-meta":""},"yoast_head":"<!-- This site is optimized with the Yoast SEO plugin v18.5.1 - https:\/\/yoast.com\/wordpress\/plugins\/seo\/ -->\n<title>Participer \u00e0 notre Coop\u00e9rative - Coop ACPL<\/title>\n<meta name=\"description\" content=\"Participer \u00e0 notre coop\u00e9rative, rejoignez Coop ACPL\" \/>\n<meta name=\"robots\" content=\"index, follow, max-snippet:-1, max-image-preview:large, max-video-preview:-1\" \/>\n<link rel=\"canonical\" href=\"https:\/\/coopacpl.fr\/site\/participer-a-notre-cooperative\/\" \/>\n<meta property=\"og:locale\" content=\"fr_FR\" \/>\n<meta property=\"og:type\" content=\"article\" \/>\n<meta property=\"og:title\" content=\"Participer \u00e0 notre Coop\u00e9rative - Coop ACPL\" \/>\n<meta property=\"og:description\" content=\"Participer \u00e0 notre coop\u00e9rative, rejoignez Coop ACPL\" \/>\n<meta property=\"og:url\" content=\"https:\/\/coopacpl.fr\/site\/participer-a-notre-cooperative\/\" \/>\n<meta property=\"og:site_name\" content=\"Coop ACPL\" \/>\n<meta property=\"article:modified_time\" content=\"2021-12-11T21:31:37+00:00\" \/>\n<meta property=\"og:image\" content=\"https:\/\/coopacpl.fr\/site\/wp-content\/uploads\/2021\/12\/coop-acpl-rejoindre-coop-acpl-image-accueil-1-1024x576.jpg\" \/>\n<meta name=\"twitter:card\" content=\"summary_large_image\" \/>\n<meta name=\"twitter:label1\" content=\"Dur\u00e9e de lecture estim\u00e9e\" \/>\n\t<meta name=\"twitter:data1\" content=\"3 minutes\" \/>\n<script type=\"application\/ld+json\" class=\"yoast-schema-graph\">{\"@context\":\"https:\/\/schema.org\",\"@graph\":[{\"@type\":\"WebSite\",\"@id\":\"https:\/\/coopacpl.fr\/site\/#website\",\"url\":\"https:\/\/coopacpl.fr\/site\/\",\"name\":\"Coop ACPL\",\"description\":\"Externalisation Comptabilit\u00e9 et Paie\",\"potentialAction\":[{\"@type\":\"SearchAction\",\"target\":{\"@type\":\"EntryPoint\",\"urlTemplate\":\"https:\/\/coopacpl.fr\/site\/?s={search_term_string}\"},\"query-input\":\"required name=search_term_string\"}],\"inLanguage\":\"fr-FR\"},{\"@type\":\"ImageObject\",\"@id\":\"https:\/\/coopacpl.fr\/site\/participer-a-notre-cooperative\/#primaryimage\",\"inLanguage\":\"fr-FR\",\"url\":\"https:\/\/coopacpl.fr\/site\/wp-content\/uploads\/2021\/12\/coop-acpl-rejoindre-coop-acpl-image-accueil-1.jpg\",\"contentUrl\":\"https:\/\/coopacpl.fr\/site\/wp-content\/uploads\/2021\/12\/coop-acpl-rejoindre-coop-acpl-image-accueil-1.jpg\",\"width\":1200,\"height\":675},{\"@type\":\"WebPage\",\"@id\":\"https:\/\/coopacpl.fr\/site\/participer-a-notre-cooperative\/#webpage\",\"url\":\"https:\/\/coopacpl.fr\/site\/participer-a-notre-cooperative\/\",\"name\":\"Participer \u00e0 notre Coop\u00e9rative - Coop ACPL\",\"isPartOf\":{\"@id\":\"https:\/\/coopacpl.fr\/site\/#website\"},\"primaryImageOfPage\":{\"@id\":\"https:\/\/coopacpl.fr\/site\/participer-a-notre-cooperative\/#primaryimage\"},\"datePublished\":\"2021-12-10T22:51:00+00:00\",\"dateModified\":\"2021-12-11T21:31:37+00:00\",\"description\":\"Participer \u00e0 notre coop\u00e9rative, rejoignez Coop ACPL\",\"breadcrumb\":{\"@id\":\"https:\/\/coopacpl.fr\/site\/participer-a-notre-cooperative\/#breadcrumb\"},\"inLanguage\":\"fr-FR\",\"potentialAction\":[{\"@type\":\"ReadAction\",\"target\":[\"https:\/\/coopacpl.fr\/site\/participer-a-notre-cooperative\/\"]}]},{\"@type\":\"BreadcrumbList\",\"@id\":\"https:\/\/coopacpl.fr\/site\/participer-a-notre-cooperative\/#breadcrumb\",\"itemListElement\":[{\"@type\":\"ListItem\",\"position\":1,\"name\":\"Home\",\"item\":\"https:\/\/coopacpl.fr\/site\/\"},{\"@type\":\"ListItem\",\"position\":2,\"name\":\"Participer \u00e0 notre Coop\u00e9rative\"}]}]}<\/script>\n<!-- \/ Yoast SEO plugin. -->","yoast_head_json":{"title":"Participer \u00e0 notre Coop\u00e9rative - Coop ACPL","description":"Participer \u00e0 notre coop\u00e9rative, rejoignez Coop ACPL","robots":{"index":"index","follow":"follow","max-snippet":"max-snippet:-1","max-image-preview":"max-image-preview:large","max-video-preview":"max-video-preview:-1"},"canonical":"https:\/\/coopacpl.fr\/site\/participer-a-notre-cooperative\/","og_locale":"fr_FR","og_type":"article","og_title":"Participer \u00e0 notre Coop\u00e9rative - Coop ACPL","og_description":"Participer \u00e0 notre coop\u00e9rative, rejoignez Coop ACPL","og_url":"https:\/\/coopacpl.fr\/site\/participer-a-notre-cooperative\/","og_site_name":"Coop ACPL","article_modified_time":"2021-12-11T21:31:37+00:00","og_image":[{"url":"https:\/\/coopacpl.fr\/site\/wp-content\/uploads\/2021\/12\/coop-acpl-rejoindre-coop-acpl-image-accueil-1-1024x576.jpg"}],"twitter_card":"summary_large_image","twitter_misc":{"Dur\u00e9e de lecture estim\u00e9e":"3 minutes"},"schema":{"@context":"https:\/\/schema.org","@graph":[{"@type":"WebSite","@id":"https:\/\/coopacpl.fr\/site\/#website","url":"https:\/\/coopacpl.fr\/site\/","name":"Coop ACPL","description":"Externalisation Comptabilit\u00e9 et Paie","potentialAction":[{"@type":"SearchAction","target":{"@type":"EntryPoint","urlTemplate":"https:\/\/coopacpl.fr\/site\/?s={search_term_string}"},"query-input":"required name=search_term_string"}],"inLanguage":"fr-FR"},{"@type":"ImageObject","@id":"https:\/\/coopacpl.fr\/site\/participer-a-notre-cooperative\/#primaryimage","inLanguage":"fr-FR","url":"https:\/\/coopacpl.fr\/site\/wp-content\/uploads\/2021\/12\/coop-acpl-rejoindre-coop-acpl-image-accueil-1.jpg","contentUrl":"https:\/\/coopacpl.fr\/site\/wp-content\/uploads\/2021\/12\/coop-acpl-rejoindre-coop-acpl-image-accueil-1.jpg","width":1200,"height":675},{"@type":"WebPage","@id":"https:\/\/coopacpl.fr\/site\/participer-a-notre-cooperative\/#webpage","url":"https:\/\/coopacpl.fr\/site\/participer-a-notre-cooperative\/","name":"Participer \u00e0 notre Coop\u00e9rative - Coop ACPL","isPartOf":{"@id":"https:\/\/coopacpl.fr\/site\/#website"},"primaryImageOfPage":{"@id":"https:\/\/coopacpl.fr\/site\/participer-a-notre-cooperative\/#primaryimage"},"datePublished":"2021-12-10T22:51:00+00:00","dateModified":"2021-12-11T21:31:37+00:00","description":"Participer \u00e0 notre coop\u00e9rative, rejoignez Coop ACPL","breadcrumb":{"@id":"https:\/\/coopacpl.fr\/site\/participer-a-notre-cooperative\/#breadcrumb"},"inLanguage":"fr-FR","potentialAction":[{"@type":"ReadAction","target":["https:\/\/coopacpl.fr\/site\/participer-a-notre-cooperative\/"]}]},{"@type":"BreadcrumbList","@id":"https:\/\/coopacpl.fr\/site\/participer-a-notre-cooperative\/#breadcrumb","itemListElement":[{"@type":"ListItem","position":1,"name":"Home","item":"https:\/\/coopacpl.fr\/site\/"},{"@type":"ListItem","position":2,"name":"Participer \u00e0 notre Coop\u00e9rative"}]}]}},"_links":{"self":[{"href":"https:\/\/coopacpl.fr\/site\/wp-json\/wp\/v2\/pages\/1383"}],"collection":[{"href":"https:\/\/coopacpl.fr\/site\/wp-json\/wp\/v2\/pages"}],"about":[{"href":"https:\/\/coopacpl.fr\/site\/wp-json\/wp\/v2\/types\/page"}],"author":[{"embeddable":true,"href":"https:\/\/coopacpl.fr\/site\/wp-json\/wp\/v2\/users\/1"}],"replies":[{"embeddable":true,"href":"https:\/\/coopacpl.fr\/site\/wp-json\/wp\/v2\/comments?post=1383"}],"version-history":[{"count":14,"href":"https:\/\/coopacpl.fr\/site\/wp-json\/wp\/v2\/pages\/1383\/revisions"}],"predecessor-version":[{"id":1549,"href":"https:\/\/coopacpl.fr\/site\/wp-json\/wp\/v2\/pages\/1383\/revisions\/1549"}],"wp:attachment":[{"href":"https:\/\/coopacpl.fr\/site\/wp-json\/wp\/v2\/media?parent=1383"}],"curies":[{"name":"wp","href":"https:\/\/api.w.org\/{rel}","templated":true}]}}