{"id":1349,"date":"2021-12-10T22:39:43","date_gmt":"2021-12-10T22:39:43","guid":{"rendered":"https:\/\/coopacpl.fr\/site\/?page_id=1349"},"modified":"2021-12-11T21:12:24","modified_gmt":"2021-12-11T21:12:24","slug":"transmission-des-declarations-fiscales","status":"publish","type":"page","link":"https:\/\/coopacpl.fr\/site\/transmission-des-declarations-fiscales\/","title":{"rendered":"Transmission des d\u00e9clarations fiscales"},"content":{"rendered":"\t\t<div data-elementor-type=\"wp-page\" data-elementor-id=\"1349\" class=\"elementor elementor-1349\">\n\t\t\t\t\t\t\t\t\t<section class=\"elementor-section elementor-top-section elementor-element elementor-element-83746e8 elementor-section-height-min-height elementor-section-items-bottom elementor-section-boxed elementor-section-height-default\" data-id=\"83746e8\" data-element_type=\"section\" data-settings=\"{&quot;background_background&quot;:&quot;classic&quot;}\">\n\t\t\t\t\t\t\t<div class=\"elementor-background-overlay\"><\/div>\n\t\t\t\t\t\t\t<div class=\"elementor-container elementor-column-gap-default\">\n\t\t\t\t\t<div class=\"elementor-column elementor-col-100 elementor-top-column elementor-element elementor-element-09faee3\" data-id=\"09faee3\" data-element_type=\"column\">\n\t\t\t<div class=\"elementor-widget-wrap elementor-element-populated\">\n\t\t\t\t\t\t\t\t<div class=\"elementor-element elementor-element-c7152a9 elementor-widget elementor-widget-heading\" data-id=\"c7152a9\" data-element_type=\"widget\" data-widget_type=\"heading.default\">\n\t\t\t\t<div class=\"elementor-widget-container\">\n\t\t\t<style>\/*! elementor - v3.6.2 - 04-04-2022 *\/\n.elementor-heading-title{padding:0;margin:0;line-height:1}.elementor-widget-heading .elementor-heading-title[class*=elementor-size-]>a{color:inherit;font-size:inherit;line-height:inherit}.elementor-widget-heading .elementor-heading-title.elementor-size-small{font-size:15px}.elementor-widget-heading .elementor-heading-title.elementor-size-medium{font-size:19px}.elementor-widget-heading .elementor-heading-title.elementor-size-large{font-size:29px}.elementor-widget-heading .elementor-heading-title.elementor-size-xl{font-size:39px}.elementor-widget-heading .elementor-heading-title.elementor-size-xxl{font-size:59px}<\/style><h1 class=\"elementor-heading-title elementor-size-default\">Transmission des d\u00e9clarations fiscales<\/h1>\t\t<\/div>\n\t\t\t\t<\/div>\n\t\t\t\t\t<\/div>\n\t\t<\/div>\n\t\t\t\t\t\t\t<\/div>\n\t\t<\/section>\n\t\t\t\t<section class=\"elementor-section elementor-top-section elementor-element elementor-element-a92bf94 elementor-section-content-top elementor-section-boxed elementor-section-height-default elementor-section-height-default\" data-id=\"a92bf94\" data-element_type=\"section\">\n\t\t\t\t\t\t<div class=\"elementor-container elementor-column-gap-default\">\n\t\t\t\t\t<div class=\"elementor-column elementor-col-50 elementor-top-column elementor-element elementor-element-7d00c84\" data-id=\"7d00c84\" data-element_type=\"column\">\n\t\t\t<div class=\"elementor-widget-wrap elementor-element-populated\">\n\t\t\t\t\t\t\t\t<div class=\"elementor-element elementor-element-8ce1b85 elementor-widget elementor-widget-heading\" data-id=\"8ce1b85\" data-element_type=\"widget\" data-widget_type=\"heading.default\">\n\t\t\t\t<div class=\"elementor-widget-container\">\n\t\t\t<h4 class=\"elementor-heading-title elementor-size-default\">Transmission des d\u00e9clarations fiscales<\/h4>\t\t<\/div>\n\t\t\t\t<\/div>\n\t\t\t\t<div class=\"elementor-element elementor-element-c31e03f elementor-widget elementor-widget-text-editor\" data-id=\"c31e03f\" data-element_type=\"widget\" data-widget_type=\"text-editor.default\">\n\t\t\t\t<div class=\"elementor-widget-container\">\n\t\t\t<style>\/*! elementor - v3.6.2 - 04-04-2022 *\/\n.elementor-widget-text-editor.elementor-drop-cap-view-stacked .elementor-drop-cap{background-color:#818a91;color:#fff}.elementor-widget-text-editor.elementor-drop-cap-view-framed .elementor-drop-cap{color:#818a91;border:3px solid;background-color:transparent}.elementor-widget-text-editor:not(.elementor-drop-cap-view-default) .elementor-drop-cap{margin-top:8px}.elementor-widget-text-editor:not(.elementor-drop-cap-view-default) .elementor-drop-cap-letter{width:1em;height:1em}.elementor-widget-text-editor .elementor-drop-cap{float:left;text-align:center;line-height:1;font-size:50px}.elementor-widget-text-editor .elementor-drop-cap-letter{display:inline-block}<\/style>\t\t\t\t<p><strong>Notre mission<\/strong><\/p><p>Notre soci\u00e9t\u00e9 continue la prestation que r\u00e9alisait le centre de gestion agr\u00e9\u00e9e dont il est issu. Nous t\u00e9l\u00e9transmettons toutes d\u00e9clarations fiscales \u00e0 l\u2019administration.<\/p><p>La t\u00e9l\u00e9transmission est devenue en quelques ann\u00e9es la r\u00e8gle g\u00e9n\u00e9rale et l\u2019envoi des d\u00e9clarations par courrier est devenu rare et dans certains cas, impossible.<\/p><p>Notre soci\u00e9t\u00e9 est dot\u00e9e des moyens informatiques n\u00e9cessaires pour assurer la t\u00e9l\u00e9transmission de vos d\u00e9clarations fiscales quelles qu\u2019elles soient<\/p><p><strong>Une fois la t\u00e9l\u00e9transmission r\u00e9alis\u00e9e nous vous adressons l\u2019accus\u00e9 de r\u00e9ception.<\/strong><\/p><p>Dans le cadre de cette mission, vous restez ma\u00eetre de la d\u00e9claration envoy\u00e9e. Nous n\u2019y effectuons aucun contr\u00f4le et elle est t\u00e9l\u00e9transmise sous votre responsabilit\u00e9.<\/p>\t\t\t\t\t\t<\/div>\n\t\t\t\t<\/div>\n\t\t\t\t\t<\/div>\n\t\t<\/div>\n\t\t\t\t<div class=\"elementor-column elementor-col-50 elementor-top-column elementor-element elementor-element-f485586\" data-id=\"f485586\" data-element_type=\"column\">\n\t\t\t<div class=\"elementor-widget-wrap elementor-element-populated\">\n\t\t\t\t\t\t\t\t<div class=\"elementor-element elementor-element-ff03a9f elementor-widget elementor-widget-image\" data-id=\"ff03a9f\" data-element_type=\"widget\" data-widget_type=\"image.default\">\n\t\t\t\t<div class=\"elementor-widget-container\">\n\t\t\t<style>\/*! elementor - v3.6.2 - 04-04-2022 *\/\n.elementor-widget-image{text-align:center}.elementor-widget-image a{display:inline-block}.elementor-widget-image a img[src$=\".svg\"]{width:48px}.elementor-widget-image img{vertical-align:middle;display:inline-block}<\/style>\t\t\t\t\t\t\t\t\t\t\t\t<img width=\"1024\" height=\"576\" src=\"https:\/\/coopacpl.fr\/site\/wp-content\/uploads\/2021\/12\/coop-acpl-transmission-declaration-fiscale-image-accueil-1-1024x576.jpg\" class=\"attachment-large size-large\" alt=\"\" loading=\"lazy\" srcset=\"https:\/\/coopacpl.fr\/site\/wp-content\/uploads\/2021\/12\/coop-acpl-transmission-declaration-fiscale-image-accueil-1-1024x576.jpg 1024w, https:\/\/coopacpl.fr\/site\/wp-content\/uploads\/2021\/12\/coop-acpl-transmission-declaration-fiscale-image-accueil-1-300x169.jpg 300w, https:\/\/coopacpl.fr\/site\/wp-content\/uploads\/2021\/12\/coop-acpl-transmission-declaration-fiscale-image-accueil-1-768x432.jpg 768w, https:\/\/coopacpl.fr\/site\/wp-content\/uploads\/2021\/12\/coop-acpl-transmission-declaration-fiscale-image-accueil-1.jpg 1200w\" sizes=\"(max-width: 1024px) 100vw, 1024px\" \/>\t\t\t\t\t\t\t\t\t\t\t\t\t\t\t<\/div>\n\t\t\t\t<\/div>\n\t\t\t\t<div class=\"elementor-element elementor-element-4bae667 elementor-widget elementor-widget-heading\" data-id=\"4bae667\" data-element_type=\"widget\" data-widget_type=\"heading.default\">\n\t\t\t\t<div class=\"elementor-widget-container\">\n\t\t\t<h2 class=\"elementor-heading-title elementor-size-default\">Nous contacter<\/h2>\t\t<\/div>\n\t\t\t\t<\/div>\n\t\t\t\t<div class=\"elementor-element elementor-element-2680c8d elementor-widget elementor-widget-wpforms\" data-id=\"2680c8d\" data-element_type=\"widget\" data-widget_type=\"wpforms.default\">\n\t\t\t\t<div class=\"elementor-widget-container\">\n\t\t\t<div class=\"wpforms-container \" id=\"wpforms-99\"><form id=\"wpforms-form-99\" class=\"wpforms-validate wpforms-form wpforms-ajax-form\" data-formid=\"99\" method=\"post\" enctype=\"multipart\/form-data\" action=\"\/site\/wp-json\/wp\/v2\/pages\/1349\" data-token=\"290ec2b1d06e107cd80f4078a9cdfd68\"><noscript class=\"wpforms-error-noscript\">Veuillez activer JavaScript dans votre navigateur pour remplir ce formulaire.<\/noscript><div class=\"wpforms-field-container\"><div id=\"wpforms-99-field_0-container\" class=\"wpforms-field wpforms-field-name\" data-field-id=\"0\"><label class=\"wpforms-field-label wpforms-label-hide\" for=\"wpforms-99-field_0\">Votre nom <span class=\"wpforms-required-label\">*<\/span><\/label><input type=\"text\" id=\"wpforms-99-field_0\" class=\"wpforms-field-large wpforms-field-required\" name=\"wpforms[fields][0]\" placeholder=\"Votre Nom\" required><\/div><div id=\"wpforms-99-field_5-container\" class=\"wpforms-field wpforms-field-name\" data-field-id=\"5\"><label class=\"wpforms-field-label wpforms-label-hide\" for=\"wpforms-99-field_5\">Votre Soci\u00e9t\u00e9 (le cas \u00e9ch\u00e9ant)<\/label><input type=\"text\" id=\"wpforms-99-field_5\" class=\"wpforms-field-large\" name=\"wpforms[fields][5]\" placeholder=\"Votre Soci\u00e9t\u00e9\" ><\/div><div id=\"wpforms-99-field_6-container\" class=\"wpforms-field wpforms-field-name\" data-field-id=\"6\"><label class=\"wpforms-field-label wpforms-label-hide\" for=\"wpforms-99-field_6\">Votre T\u00e9l\u00e9phone <span class=\"wpforms-required-label\">*<\/span><\/label><input type=\"text\" id=\"wpforms-99-field_6\" class=\"wpforms-field-large wpforms-field-required\" name=\"wpforms[fields][6]\" placeholder=\"Votre T\u00e9l\u00e9phone\" required><\/div><div id=\"wpforms-99-field_1-container\" class=\"wpforms-field wpforms-field-email\" data-field-id=\"1\"><label class=\"wpforms-field-label wpforms-label-hide\" for=\"wpforms-99-field_1\">Adresse Email (courri\u00e9l) <span class=\"wpforms-required-label\">*<\/span><\/label><input type=\"email\" id=\"wpforms-99-field_1\" class=\"wpforms-field-large wpforms-field-required\" name=\"wpforms[fields][1]\" placeholder=\"Votre adresse email\" required><\/div><div id=\"wpforms-99-field_2-container\" class=\"wpforms-field wpforms-field-textarea\" data-field-id=\"2\"><label class=\"wpforms-field-label wpforms-label-hide\" for=\"wpforms-99-field_2\">Votre message <span class=\"wpforms-required-label\">*<\/span><\/label><textarea id=\"wpforms-99-field_2\" class=\"wpforms-field-medium wpforms-field-required\" name=\"wpforms[fields][2]\" placeholder=\"Message\" required><\/textarea><\/div><\/div><div class=\"wpforms-submit-container\"><input type=\"hidden\" name=\"wpforms[id]\" value=\"99\"><input type=\"hidden\" name=\"wpforms[author]\" value=\"1\"><button type=\"submit\" name=\"wpforms[submit]\" id=\"wpforms-submit-99\" class=\"wpforms-submit\" data-alt-text=\"Envoi en cours...\" data-submit-text=\"Envoyer le message\" aria-live=\"assertive\" value=\"wpforms-submit\">Envoyer le message<\/button><img loading=\"lazy\" src=\"https:\/\/coopacpl.fr\/site\/wp-content\/plugins\/wpforms-lite\/assets\/images\/submit-spin.svg\" class=\"wpforms-submit-spinner\" style=\"display: none;\" width=\"26\" height=\"26\" alt=\"\"><\/div><\/form><\/div>  <!-- .wpforms-container -->\t\t<\/div>\n\t\t\t\t<\/div>\n\t\t\t\t\t<\/div>\n\t\t<\/div>\n\t\t\t\t\t\t\t<\/div>\n\t\t<\/section>\n\t\t\t\t<section class=\"elementor-section elementor-top-section elementor-element elementor-element-b6186b4 elementor-section-boxed elementor-section-height-default elementor-section-height-default\" data-id=\"b6186b4\" data-element_type=\"section\" data-settings=\"{&quot;background_background&quot;:&quot;classic&quot;}\">\n\t\t\t\t\t\t<div class=\"elementor-container elementor-column-gap-default\">\n\t\t\t\t\t<div class=\"elementor-column elementor-col-100 elementor-top-column elementor-element elementor-element-82668e3\" data-id=\"82668e3\" data-element_type=\"column\">\n\t\t\t<div class=\"elementor-widget-wrap elementor-element-populated\">\n\t\t\t\t\t\t\t\t<div class=\"elementor-element elementor-element-2449e1e elementor-widget elementor-widget-heading\" data-id=\"2449e1e\" data-element_type=\"widget\" data-widget_type=\"heading.default\">\n\t\t\t\t<div class=\"elementor-widget-container\">\n\t\t\t<h4 class=\"elementor-heading-title elementor-size-default\">Pourquoi choisir Coop ACPL pour votre \nTransmission Fiscales ?<\/h4>\t\t<\/div>\n\t\t\t\t<\/div>\n\t\t\t\t<div class=\"elementor-element elementor-element-0d78433 elementor-widget elementor-widget-text-editor\" data-id=\"0d78433\" data-element_type=\"widget\" data-widget_type=\"text-editor.default\">\n\t\t\t\t<div class=\"elementor-widget-container\">\n\t\t\t\t\t\t\t<p>Nous accompagnons des centaines de Soci\u00e9t\u00e9s en France depuis des ann\u00e9es dans leur gestion aussi bien en Comptabilit\u00e9, Paie&#8230;<\/p>\t\t\t\t\t\t<\/div>\n\t\t\t\t<\/div>\n\t\t\t\t<div class=\"elementor-element elementor-element-c4c9e42 elementor-widget elementor-widget-text-editor\" data-id=\"c4c9e42\" data-element_type=\"widget\" data-widget_type=\"text-editor.default\">\n\t\t\t\t<div class=\"elementor-widget-container\">\n\t\t\t\t\t\t\t<p>Nos Clients appr\u00e9cient notre disponibilit\u00e9, rapidit\u00e9 ainsi que nos tarifs avantageux, tout en profitant d&rsquo;avantages tels que l&rsquo;acc\u00e8s aux logiciels des plus grands \u00e9diteurs sp\u00e9cialis\u00e9s, compris sans surco\u00fbt.<\/p>\t\t\t\t\t\t<\/div>\n\t\t\t\t<\/div>\n\t\t\t\t\t<\/div>\n\t\t<\/div>\n\t\t\t\t\t\t\t<\/div>\n\t\t<\/section>\n\t\t\t\t\t\t\t<\/div>\n\t\t","protected":false},"excerpt":{"rendered":"<p>Transmission des d\u00e9clarations fiscales Transmission des d\u00e9clarations fiscales Notre mission Notre soci\u00e9t\u00e9 continue la prestation que r\u00e9alisait le centre de gestion agr\u00e9\u00e9e dont il est issu. Nous t\u00e9l\u00e9transmettons toutes d\u00e9clarations fiscales \u00e0 l\u2019administration. La t\u00e9l\u00e9transmission est devenue en quelques ann\u00e9es la r\u00e8gle g\u00e9n\u00e9rale et l\u2019envoi des d\u00e9clarations par courrier est devenu rare et dans certains &hellip;<\/p>\n<p class=\"read-more\"> <a class=\"\" href=\"https:\/\/coopacpl.fr\/site\/transmission-des-declarations-fiscales\/\"> <span class=\"screen-reader-text\">Transmission des d\u00e9clarations fiscales<\/span> Lire la suite\u00a0\u00bb<\/a><\/p>\n","protected":false},"author":1,"featured_media":0,"parent":0,"menu_order":0,"comment_status":"closed","ping_status":"closed","template":"","meta":{"site-sidebar-layout":"no-sidebar","site-content-layout":"page-builder","ast-main-header-display":"","ast-hfb-above-header-display":"","ast-hfb-below-header-display":"","ast-hfb-mobile-header-display":"","site-post-title":"disabled","ast-breadcrumbs-content":"","ast-featured-img":"disabled","footer-sml-layout":"","theme-transparent-header-meta":"enabled","adv-header-id-meta":"","stick-header-meta":"","header-above-stick-meta":"","header-main-stick-meta":"","header-below-stick-meta":""},"yoast_head":"<!-- This site is optimized with the Yoast SEO plugin v18.5.1 - https:\/\/yoast.com\/wordpress\/plugins\/seo\/ -->\n<title>Transmission des d\u00e9clarations fiscales - Coop ACPL<\/title>\n<meta name=\"description\" content=\"Services de Transmission des d\u00e9clarations fiscales propos\u00e9s par Coop ACPL\" \/>\n<meta name=\"robots\" content=\"index, follow, max-snippet:-1, max-image-preview:large, max-video-preview:-1\" \/>\n<link rel=\"canonical\" href=\"https:\/\/coopacpl.fr\/site\/transmission-des-declarations-fiscales\/\" \/>\n<meta property=\"og:locale\" content=\"fr_FR\" \/>\n<meta property=\"og:type\" content=\"article\" \/>\n<meta property=\"og:title\" content=\"Transmission des d\u00e9clarations fiscales - Coop ACPL\" \/>\n<meta property=\"og:description\" content=\"Services de Transmission des d\u00e9clarations fiscales propos\u00e9s par Coop ACPL\" \/>\n<meta property=\"og:url\" content=\"https:\/\/coopacpl.fr\/site\/transmission-des-declarations-fiscales\/\" \/>\n<meta property=\"og:site_name\" content=\"Coop ACPL\" \/>\n<meta property=\"article:modified_time\" content=\"2021-12-11T21:12:24+00:00\" \/>\n<meta property=\"og:image\" content=\"https:\/\/coopacpl.fr\/site\/wp-content\/uploads\/2021\/12\/coop-acpl-transmission-declaration-fiscale-image-accueil-1-1024x576.jpg\" \/>\n<meta name=\"twitter:card\" content=\"summary_large_image\" \/>\n<meta name=\"twitter:label1\" content=\"Dur\u00e9e de lecture estim\u00e9e\" \/>\n\t<meta name=\"twitter:data1\" content=\"2 minutes\" \/>\n<script type=\"application\/ld+json\" class=\"yoast-schema-graph\">{\"@context\":\"https:\/\/schema.org\",\"@graph\":[{\"@type\":\"WebSite\",\"@id\":\"https:\/\/coopacpl.fr\/site\/#website\",\"url\":\"https:\/\/coopacpl.fr\/site\/\",\"name\":\"Coop ACPL\",\"description\":\"Externalisation Comptabilit\u00e9 et Paie\",\"potentialAction\":[{\"@type\":\"SearchAction\",\"target\":{\"@type\":\"EntryPoint\",\"urlTemplate\":\"https:\/\/coopacpl.fr\/site\/?s={search_term_string}\"},\"query-input\":\"required name=search_term_string\"}],\"inLanguage\":\"fr-FR\"},{\"@type\":\"ImageObject\",\"@id\":\"https:\/\/coopacpl.fr\/site\/transmission-des-declarations-fiscales\/#primaryimage\",\"inLanguage\":\"fr-FR\",\"url\":\"https:\/\/coopacpl.fr\/site\/wp-content\/uploads\/2021\/12\/coop-acpl-transmission-declaration-fiscale-image-accueil-1.jpg\",\"contentUrl\":\"https:\/\/coopacpl.fr\/site\/wp-content\/uploads\/2021\/12\/coop-acpl-transmission-declaration-fiscale-image-accueil-1.jpg\",\"width\":1200,\"height\":675},{\"@type\":\"WebPage\",\"@id\":\"https:\/\/coopacpl.fr\/site\/transmission-des-declarations-fiscales\/#webpage\",\"url\":\"https:\/\/coopacpl.fr\/site\/transmission-des-declarations-fiscales\/\",\"name\":\"Transmission des d\u00e9clarations fiscales - Coop ACPL\",\"isPartOf\":{\"@id\":\"https:\/\/coopacpl.fr\/site\/#website\"},\"primaryImageOfPage\":{\"@id\":\"https:\/\/coopacpl.fr\/site\/transmission-des-declarations-fiscales\/#primaryimage\"},\"datePublished\":\"2021-12-10T22:39:43+00:00\",\"dateModified\":\"2021-12-11T21:12:24+00:00\",\"description\":\"Services de Transmission des d\u00e9clarations fiscales propos\u00e9s par Coop ACPL\",\"breadcrumb\":{\"@id\":\"https:\/\/coopacpl.fr\/site\/transmission-des-declarations-fiscales\/#breadcrumb\"},\"inLanguage\":\"fr-FR\",\"potentialAction\":[{\"@type\":\"ReadAction\",\"target\":[\"https:\/\/coopacpl.fr\/site\/transmission-des-declarations-fiscales\/\"]}]},{\"@type\":\"BreadcrumbList\",\"@id\":\"https:\/\/coopacpl.fr\/site\/transmission-des-declarations-fiscales\/#breadcrumb\",\"itemListElement\":[{\"@type\":\"ListItem\",\"position\":1,\"name\":\"Home\",\"item\":\"https:\/\/coopacpl.fr\/site\/\"},{\"@type\":\"ListItem\",\"position\":2,\"name\":\"Transmission des d\u00e9clarations fiscales\"}]}]}<\/script>\n<!-- \/ Yoast SEO plugin. -->","yoast_head_json":{"title":"Transmission des d\u00e9clarations fiscales - Coop ACPL","description":"Services de Transmission des d\u00e9clarations fiscales propos\u00e9s par Coop ACPL","robots":{"index":"index","follow":"follow","max-snippet":"max-snippet:-1","max-image-preview":"max-image-preview:large","max-video-preview":"max-video-preview:-1"},"canonical":"https:\/\/coopacpl.fr\/site\/transmission-des-declarations-fiscales\/","og_locale":"fr_FR","og_type":"article","og_title":"Transmission des d\u00e9clarations fiscales - Coop ACPL","og_description":"Services de Transmission des d\u00e9clarations fiscales propos\u00e9s par Coop ACPL","og_url":"https:\/\/coopacpl.fr\/site\/transmission-des-declarations-fiscales\/","og_site_name":"Coop ACPL","article_modified_time":"2021-12-11T21:12:24+00:00","og_image":[{"url":"https:\/\/coopacpl.fr\/site\/wp-content\/uploads\/2021\/12\/coop-acpl-transmission-declaration-fiscale-image-accueil-1-1024x576.jpg"}],"twitter_card":"summary_large_image","twitter_misc":{"Dur\u00e9e de lecture estim\u00e9e":"2 minutes"},"schema":{"@context":"https:\/\/schema.org","@graph":[{"@type":"WebSite","@id":"https:\/\/coopacpl.fr\/site\/#website","url":"https:\/\/coopacpl.fr\/site\/","name":"Coop ACPL","description":"Externalisation Comptabilit\u00e9 et Paie","potentialAction":[{"@type":"SearchAction","target":{"@type":"EntryPoint","urlTemplate":"https:\/\/coopacpl.fr\/site\/?s={search_term_string}"},"query-input":"required name=search_term_string"}],"inLanguage":"fr-FR"},{"@type":"ImageObject","@id":"https:\/\/coopacpl.fr\/site\/transmission-des-declarations-fiscales\/#primaryimage","inLanguage":"fr-FR","url":"https:\/\/coopacpl.fr\/site\/wp-content\/uploads\/2021\/12\/coop-acpl-transmission-declaration-fiscale-image-accueil-1.jpg","contentUrl":"https:\/\/coopacpl.fr\/site\/wp-content\/uploads\/2021\/12\/coop-acpl-transmission-declaration-fiscale-image-accueil-1.jpg","width":1200,"height":675},{"@type":"WebPage","@id":"https:\/\/coopacpl.fr\/site\/transmission-des-declarations-fiscales\/#webpage","url":"https:\/\/coopacpl.fr\/site\/transmission-des-declarations-fiscales\/","name":"Transmission des d\u00e9clarations fiscales - Coop ACPL","isPartOf":{"@id":"https:\/\/coopacpl.fr\/site\/#website"},"primaryImageOfPage":{"@id":"https:\/\/coopacpl.fr\/site\/transmission-des-declarations-fiscales\/#primaryimage"},"datePublished":"2021-12-10T22:39:43+00:00","dateModified":"2021-12-11T21:12:24+00:00","description":"Services de Transmission des d\u00e9clarations fiscales propos\u00e9s par Coop ACPL","breadcrumb":{"@id":"https:\/\/coopacpl.fr\/site\/transmission-des-declarations-fiscales\/#breadcrumb"},"inLanguage":"fr-FR","potentialAction":[{"@type":"ReadAction","target":["https:\/\/coopacpl.fr\/site\/transmission-des-declarations-fiscales\/"]}]},{"@type":"BreadcrumbList","@id":"https:\/\/coopacpl.fr\/site\/transmission-des-declarations-fiscales\/#breadcrumb","itemListElement":[{"@type":"ListItem","position":1,"name":"Home","item":"https:\/\/coopacpl.fr\/site\/"},{"@type":"ListItem","position":2,"name":"Transmission des d\u00e9clarations fiscales"}]}]}},"_links":{"self":[{"href":"https:\/\/coopacpl.fr\/site\/wp-json\/wp\/v2\/pages\/1349"}],"collection":[{"href":"https:\/\/coopacpl.fr\/site\/wp-json\/wp\/v2\/pages"}],"about":[{"href":"https:\/\/coopacpl.fr\/site\/wp-json\/wp\/v2\/types\/page"}],"author":[{"embeddable":true,"href":"https:\/\/coopacpl.fr\/site\/wp-json\/wp\/v2\/users\/1"}],"replies":[{"embeddable":true,"href":"https:\/\/coopacpl.fr\/site\/wp-json\/wp\/v2\/comments?post=1349"}],"version-history":[{"count":22,"href":"https:\/\/coopacpl.fr\/site\/wp-json\/wp\/v2\/pages\/1349\/revisions"}],"predecessor-version":[{"id":1508,"href":"https:\/\/coopacpl.fr\/site\/wp-json\/wp\/v2\/pages\/1349\/revisions\/1508"}],"wp:attachment":[{"href":"https:\/\/coopacpl.fr\/site\/wp-json\/wp\/v2\/media?parent=1349"}],"curies":[{"name":"wp","href":"https:\/\/api.w.org\/{rel}","templated":true}]}}